{"id":969,"date":"2018-02-04T18:08:53","date_gmt":"2018-02-04T17:08:53","guid":{"rendered":"https:\/\/www.cmalleida.com\/formacio-i-agenda\/"},"modified":"2018-03-24T17:23:28","modified_gmt":"2018-03-24T16:23:28","slug":"formacion-y-agenda","status":"publish","type":"page","link":"https:\/\/www.cmalleida.com\/es\/formacion\/formacion-y-agenda\/","title":{"rendered":"Formaci\u00f3n y agenda"},"content":{"rendered":"<h1 class=\"amagar\">Formaci\u00f3n y agenda<\/h1>\n<h2 class=\"mida22 subittoldinspagina ambbarraverdasota\">TIPOS DE EVENTO<\/h2>\n<div class=\"envoltall2botons botonsdeformacio\">\n<div class=\"columnBotons columnEsq botomeitat_verd\">\n<p class=\"botocmalldownload mida17 centrat\"><a href=\"https:\/\/www.cmalleida.com\/es\/formacion\/formacion-y-agenda\/pasados\/\">Eventos pasados<\/a><\/p>\n<\/div>\n<div class=\"columnBotons columnDreta botomeitat_verd\">\n<p class=\"botocmalldownload mida17 centrat\"><a class=\"current\" href=\"https:\/\/www.cmalleida.com\/es\/formacion\/formacion-y-agenda\/\">Eventos futuros<\/a><\/p>\n<\/div>\n<\/div>\n<div class=\"clearfix\"><\/div>\n<h2 class=\"mida22 subittoldinspagina ambbarraverdasota\">B\u00daSQUEDA PERSONALIZADA<\/h2>\n<div class=\"envoltall_filtres_colegiats\">\n<div class=\"locercadoresq\"><div class=\"facetwp-facet facetwp-facet-cercador_lliure_eventos facetwp-type-search\" data-name=\"cercador_lliure_eventos\" data-type=\"search\"><\/div><\/div>\n<div class=\"filtrecategories\"><div class=\"facetwp-facet facetwp-facet-categories_eventos facetwp-type-fselect\" data-name=\"categories_eventos\" data-type=\"fselect\"><\/div><\/div>\n<\/div>\n<div class=\"clearfix\"><\/div>\n<div class=\"envoltallcapsaleratablacolegiats llistaegendaevents\">\n<h3 class=\"mida22 negreta llistaeventos llistacolumn1\">EVENTOS<\/h3>\n<h3 class=\"mida22 negreta llistaeventos llistacolumn2\">HECHA Y LUGAR<\/h3>\n<h3 class=\"mida22 negreta llistaeventos llistacolumn3\">CATEGOR\u00cdAS<\/h3>\n<\/div>\n<div class=\"facetwp-template\" data-name=\"llistat_agenda_i_formacio\"><div class=\"envoltall_contigutllistacolegiats\">\n\t<div class=\"envoltall-news news_pag_actualitat\"><div class=\"fila_llistateventodelatable\">\n\n<div class=\"mida17 negreta llista_eventos_formacio llistacolumn1\"><a href=\"https:\/\/www.cmalleida.com\/es\/agenda\/almuerzo-tertulia-con-prevision-mallorquina\/\">\n\tAlmuerzo tertulia con Previsi\u00f3n Mallorquina<\/a><\/div>\n<div class=\"mida17 llista_eventos_formacio llistacolumn2\">\n05\/05\/2026<br>\nRestaurant L'Espurna - Lleida\n<\/div>\n<div class=\"mida17 llista_eventos_formacio llistacolumn4\">\n\n\nAlmuerzo tertulia \/ \u00c0pat - tert\u00falia \/ Formaci\u00f3n<br>\n\n\t<\/span>\n\n\t<\/span>\n\t\t<\/span>\n\t\n\n<\/div>\n\n<\/div>\n\t\t\t<div class=\"fila_llistateventodelatable\">\n\n<div class=\"mida17 negreta llista_eventos_formacio llistacolumn1\"><a href=\"https:\/\/www.cmalleida.com\/es\/agenda\/webinar-la-poliza-de-su-vida-2\/\">\n\tWebinar &#8211; La p\u00f3liza de su vida<\/a><\/div>\n<div class=\"mida17 llista_eventos_formacio llistacolumn2\">\n05\/05\/2026<br>\nTelem\u00e1ticamente - \n<\/div>\n<div class=\"mida17 llista_eventos_formacio llistacolumn4\">\n\n\n<br>\n\n\t<\/span>\n\n\t<\/span>\n\t\t<\/span>\n\t\n\n<\/div>\n\n<\/div>\n\t\t\t<div class=\"fila_llistateventodelatable\">\n\n<div class=\"mida17 negreta llista_eventos_formacio llistacolumn1\"><a href=\"https:\/\/www.cmalleida.com\/es\/agenda\/mutualisme-etica-i-assegurances-personals\/\">\n\tLa mediaci\u00f3n y el mutualismo. Nuevos retos en seguros personales.<\/a><\/div>\n<div class=\"mida17 llista_eventos_formacio llistacolumn2\">\n13\/05\/2026<br>\nSala de Actos del Colegio \/ Telem\u00e1ticamente - Lleida\n<\/div>\n<div class=\"mida17 llista_eventos_formacio llistacolumn4\">\n\n\nFormaci\u00f3n<br>\n\n<span class=\"cateformaci\">Presentaci\u00f3n<\/span>\n\t\n\n<\/div>\n\n<\/div>\n\t\t\t<div class=\"fila_llistateventodelatable\">\n\n<div class=\"mida17 negreta llista_eventos_formacio llistacolumn1\"><a href=\"https:\/\/www.cmalleida.com\/es\/agenda\/pildora-la-poliza-de-su-vida-2\/\">\n\tP\u00edldora &#8211; La p\u00f3liza de su vida<\/a><\/div>\n<div class=\"mida17 llista_eventos_formacio llistacolumn2\">\n19\/05\/2026<br>\nTelem\u00e1ticamente - CECAS\n<\/div>\n<div class=\"mida17 llista_eventos_formacio llistacolumn4\">\n\n\nFormaci\u00f3n \/ Seminari en l\u00ednea<br>\n\n<span class=\"cateformaci\">Formaci\u00f3n en l\u00ednea CECAS,<\/span> <span class=\"cateformaci\">Empresarial<\/span>\n\n\n<\/div>\n\n<\/div>\n\t\t\t<div class=\"fila_llistateventodelatable\">\n\n<div class=\"mida17 negreta llista_eventos_formacio llistacolumn1\"><a href=\"https:\/\/www.cmalleida.com\/es\/agenda\/dia-del-seguro-3\/\">\n\tDia del Seguro<\/a><\/div>\n<div class=\"mida17 llista_eventos_formacio llistacolumn2\">\n02\/06\/2026<br>\nLa Llotja - Lleida\n<\/div>\n<div class=\"mida17 llista_eventos_formacio llistacolumn4\">\n\n\nD\u00eda del Seguro<br>\n\n\t<\/span>\n\n\t<\/span>\n\t\t<\/span>\n\t\n\n<\/div>\n\n<\/div>\n\t\t\t<div class=\"clearfix\"><\/div><\/div><\/div>\n<div class=\"facetwp-pager\"><\/div>\n","protected":false},"excerpt":{"rendered":"<p>Formaci\u00f3n y agenda TIPOS DE EVENTO Eventos pasados Eventos futuros B\u00daSQUEDA PERSONALIZADA EVENTOS HECHA Y LUGAR CATEGOR\u00cdAS<\/p>\n","protected":false},"author":153,"featured_media":0,"parent":970,"menu_order":0,"comment_status":"closed","ping_status":"closed","template":"template-actualitat2.php","meta":{"_acf_changed":false,"_genesis_hide_title":false,"_genesis_hide_breadcrumbs":false,"_genesis_hide_singular_image":false,"_genesis_hide_footer_widgets":false,"_genesis_custom_body_class":"","_genesis_custom_post_class":"","_genesis_layout":"","footnotes":""},"class_list":{"0":"post-969","1":"page","2":"type-page","3":"status-publish","5":"entry"},"acf":[],"yoast_head":"<!-- This site is optimized with the Yoast SEO plugin v27.2 - https:\/\/yoast.com\/product\/yoast-seo-wordpress\/ -->\n<title>Formaci\u00f3n y agenda - Col\u00b7legi de Mediadors d&#039;Assegurances de Lleida<\/title>\n<meta name=\"robots\" content=\"index, follow, max-snippet:-1, max-image-preview:large, max-video-preview:-1\" \/>\n<link rel=\"canonical\" href=\"https:\/\/www.cmalleida.com\/es\/formacion\/formacion-y-agenda\/\" \/>\n<meta property=\"og:locale\" content=\"es_ES\" \/>\n<meta property=\"og:type\" content=\"article\" \/>\n<meta property=\"og:title\" content=\"Formaci\u00f3n y agenda - Col\u00b7legi de Mediadors d&#039;Assegurances de Lleida\" \/>\n<meta property=\"og:description\" content=\"Formaci\u00f3n y agenda TIPOS DE EVENTO Eventos pasados Eventos futuros B\u00daSQUEDA PERSONALIZADA EVENTOS HECHA Y LUGAR CATEGOR\u00cdAS\" \/>\n<meta property=\"og:url\" content=\"https:\/\/www.cmalleida.com\/es\/formacion\/formacion-y-agenda\/\" \/>\n<meta property=\"og:site_name\" content=\"Col\u00b7legi de Mediadors d&#039;Assegurances de Lleida\" \/>\n<meta property=\"article:modified_time\" content=\"2018-03-24T16:23:28+00:00\" \/>\n<meta name=\"twitter:card\" content=\"summary_large_image\" \/>\n<script type=\"application\/ld+json\" class=\"yoast-schema-graph\">{\"@context\":\"https:\/\/schema.org\",\"@graph\":[{\"@type\":\"WebPage\",\"@id\":\"https:\/\/www.cmalleida.com\/es\/formacion\/formacion-y-agenda\/\",\"url\":\"https:\/\/www.cmalleida.com\/es\/formacion\/formacion-y-agenda\/\",\"name\":\"Formaci\u00f3n y agenda - Col\u00b7legi de Mediadors d&#039;Assegurances de Lleida\",\"isPartOf\":{\"@id\":\"https:\/\/www.cmalleida.com\/es\/#website\"},\"datePublished\":\"2018-02-04T17:08:53+00:00\",\"dateModified\":\"2018-03-24T16:23:28+00:00\",\"breadcrumb\":{\"@id\":\"https:\/\/www.cmalleida.com\/es\/formacion\/formacion-y-agenda\/#breadcrumb\"},\"inLanguage\":\"es\",\"potentialAction\":[{\"@type\":\"ReadAction\",\"target\":[\"https:\/\/www.cmalleida.com\/es\/formacion\/formacion-y-agenda\/\"]}]},{\"@type\":\"BreadcrumbList\",\"@id\":\"https:\/\/www.cmalleida.com\/es\/formacion\/formacion-y-agenda\/#breadcrumb\",\"itemListElement\":[{\"@type\":\"ListItem\",\"position\":1,\"name\":\"Inici\",\"item\":\"https:\/\/www.cmalleida.com\/es\/\"},{\"@type\":\"ListItem\",\"position\":2,\"name\":\"Formaci\u00f3n y otros\",\"item\":\"https:\/\/www.cmalleida.com\/es\/formacion\/\"},{\"@type\":\"ListItem\",\"position\":3,\"name\":\"Formaci\u00f3n y agenda\"}]},{\"@type\":\"WebSite\",\"@id\":\"https:\/\/www.cmalleida.com\/es\/#website\",\"url\":\"https:\/\/www.cmalleida.com\/es\/\",\"name\":\"Col\u00b7legi de Mediadors d&#039;Assegurances de Lleida\",\"description\":\"Otro sitio realizado con WordPress\",\"publisher\":{\"@id\":\"https:\/\/www.cmalleida.com\/es\/#organization\"},\"potentialAction\":[{\"@type\":\"SearchAction\",\"target\":{\"@type\":\"EntryPoint\",\"urlTemplate\":\"https:\/\/www.cmalleida.com\/es\/?s={search_term_string}\"},\"query-input\":{\"@type\":\"PropertyValueSpecification\",\"valueRequired\":true,\"valueName\":\"search_term_string\"}}],\"inLanguage\":\"es\"},{\"@type\":\"Organization\",\"@id\":\"https:\/\/www.cmalleida.com\/es\/#organization\",\"name\":\"Col\u00b7legi de Mediadors d'Assegurances de Lleida\",\"url\":\"https:\/\/www.cmalleida.com\/es\/\",\"logo\":{\"@type\":\"ImageObject\",\"inLanguage\":\"es\",\"@id\":\"https:\/\/www.cmalleida.com\/es\/#\/schema\/logo\/image\/\",\"url\":\"\",\"contentUrl\":\"\",\"caption\":\"Col\u00b7legi de Mediadors d'Assegurances de Lleida\"},\"image\":{\"@id\":\"https:\/\/www.cmalleida.com\/es\/#\/schema\/logo\/image\/\"}}]}<\/script>\n<!-- \/ Yoast SEO plugin. -->","yoast_head_json":{"title":"Formaci\u00f3n y agenda - Col\u00b7legi de Mediadors d&#039;Assegurances de Lleida","robots":{"index":"index","follow":"follow","max-snippet":"max-snippet:-1","max-image-preview":"max-image-preview:large","max-video-preview":"max-video-preview:-1"},"canonical":"https:\/\/www.cmalleida.com\/es\/formacion\/formacion-y-agenda\/","og_locale":"es_ES","og_type":"article","og_title":"Formaci\u00f3n y agenda - Col\u00b7legi de Mediadors d&#039;Assegurances de Lleida","og_description":"Formaci\u00f3n y agenda TIPOS DE EVENTO Eventos pasados Eventos futuros B\u00daSQUEDA PERSONALIZADA EVENTOS HECHA Y LUGAR CATEGOR\u00cdAS","og_url":"https:\/\/www.cmalleida.com\/es\/formacion\/formacion-y-agenda\/","og_site_name":"Col\u00b7legi de Mediadors d&#039;Assegurances de Lleida","article_modified_time":"2018-03-24T16:23:28+00:00","twitter_card":"summary_large_image","schema":{"@context":"https:\/\/schema.org","@graph":[{"@type":"WebPage","@id":"https:\/\/www.cmalleida.com\/es\/formacion\/formacion-y-agenda\/","url":"https:\/\/www.cmalleida.com\/es\/formacion\/formacion-y-agenda\/","name":"Formaci\u00f3n y agenda - Col\u00b7legi de Mediadors d&#039;Assegurances de Lleida","isPartOf":{"@id":"https:\/\/www.cmalleida.com\/es\/#website"},"datePublished":"2018-02-04T17:08:53+00:00","dateModified":"2018-03-24T16:23:28+00:00","breadcrumb":{"@id":"https:\/\/www.cmalleida.com\/es\/formacion\/formacion-y-agenda\/#breadcrumb"},"inLanguage":"es","potentialAction":[{"@type":"ReadAction","target":["https:\/\/www.cmalleida.com\/es\/formacion\/formacion-y-agenda\/"]}]},{"@type":"BreadcrumbList","@id":"https:\/\/www.cmalleida.com\/es\/formacion\/formacion-y-agenda\/#breadcrumb","itemListElement":[{"@type":"ListItem","position":1,"name":"Inici","item":"https:\/\/www.cmalleida.com\/es\/"},{"@type":"ListItem","position":2,"name":"Formaci\u00f3n y otros","item":"https:\/\/www.cmalleida.com\/es\/formacion\/"},{"@type":"ListItem","position":3,"name":"Formaci\u00f3n y agenda"}]},{"@type":"WebSite","@id":"https:\/\/www.cmalleida.com\/es\/#website","url":"https:\/\/www.cmalleida.com\/es\/","name":"Col\u00b7legi de Mediadors d&#039;Assegurances de Lleida","description":"Otro sitio realizado con WordPress","publisher":{"@id":"https:\/\/www.cmalleida.com\/es\/#organization"},"potentialAction":[{"@type":"SearchAction","target":{"@type":"EntryPoint","urlTemplate":"https:\/\/www.cmalleida.com\/es\/?s={search_term_string}"},"query-input":{"@type":"PropertyValueSpecification","valueRequired":true,"valueName":"search_term_string"}}],"inLanguage":"es"},{"@type":"Organization","@id":"https:\/\/www.cmalleida.com\/es\/#organization","name":"Col\u00b7legi de Mediadors d'Assegurances de Lleida","url":"https:\/\/www.cmalleida.com\/es\/","logo":{"@type":"ImageObject","inLanguage":"es","@id":"https:\/\/www.cmalleida.com\/es\/#\/schema\/logo\/image\/","url":"","contentUrl":"","caption":"Col\u00b7legi de Mediadors d'Assegurances de Lleida"},"image":{"@id":"https:\/\/www.cmalleida.com\/es\/#\/schema\/logo\/image\/"}}]}},"_links":{"self":[{"href":"https:\/\/www.cmalleida.com\/es\/wp-json\/wp\/v2\/pages\/969","targetHints":{"allow":["GET"]}}],"collection":[{"href":"https:\/\/www.cmalleida.com\/es\/wp-json\/wp\/v2\/pages"}],"about":[{"href":"https:\/\/www.cmalleida.com\/es\/wp-json\/wp\/v2\/types\/page"}],"author":[{"embeddable":true,"href":"https:\/\/www.cmalleida.com\/es\/wp-json\/wp\/v2\/users\/153"}],"replies":[{"embeddable":true,"href":"https:\/\/www.cmalleida.com\/es\/wp-json\/wp\/v2\/comments?post=969"}],"version-history":[{"count":3,"href":"https:\/\/www.cmalleida.com\/es\/wp-json\/wp\/v2\/pages\/969\/revisions"}],"predecessor-version":[{"id":1576,"href":"https:\/\/www.cmalleida.com\/es\/wp-json\/wp\/v2\/pages\/969\/revisions\/1576"}],"up":[{"embeddable":true,"href":"https:\/\/www.cmalleida.com\/es\/wp-json\/wp\/v2\/pages\/970"}],"wp:attachment":[{"href":"https:\/\/www.cmalleida.com\/es\/wp-json\/wp\/v2\/media?parent=969"}],"curies":[{"name":"wp","href":"https:\/\/api.w.org\/{rel}","templated":true}]}}