{"id":1563,"date":"2018-02-04T19:40:08","date_gmt":"2018-02-04T18:40:08","guid":{"rendered":"https:\/\/www.cmalleida.com\/enllacos\/"},"modified":"2025-09-10T14:48:31","modified_gmt":"2025-09-10T12:48:31","slug":"enlaces","status":"publish","type":"page","link":"https:\/\/www.cmalleida.com\/es\/enlaces\/","title":{"rendered":"Enlaces"},"content":{"rendered":"<p>[vc_row][vc_column][vc_column_text]<\/p>\n<h2>ADMINISTRACI\u00d3N<\/h2>\n<ul>\n<li><a href=\"http:\/\/www.apdcat.net\/\" target=\"_blank\" rel=\"nofollow noopener noreferrer\">Ag\u00e8ncia Catalana de Protecci\u00f3 de Dades<\/a><\/li>\n<li><a href=\"http:\/\/www.agpd.es\/portalwebAGPD\/index-ides-idphp.php\" target=\"_blank\" rel=\"nofollow noopener noreferrer\">Agencia de Protecci\u00f3n de Datos<\/a><\/li>\n<li><a href=\"http:\/\/www.boe.es\/\" target=\"_blank\" rel=\"nofollow noopener noreferrer\">Bolet\u00edn Oficial del Estado<\/a><\/li>\n<li><a href=\"http:\/\/www.sepblac.es\/espanol\/home_esp.htm\" target=\"_blank\" rel=\"nofollow noopener noreferrer\">Comisi\u00f3n de Prevenci\u00f3n de Blanqueo de Capitales e Infracciones Monetarias<\/a><\/li>\n<li><a href=\"http:\/\/www.cnmv.es\/portal\/home.aspx\" target=\"_blank\" rel=\"nofollow noopener noreferrer\">Comisi\u00f3n Nacional del Mercado de Valores<\/a><\/li>\n<li><a href=\"http:\/\/dogc.gencat.cat\/ca\" target=\"_blank\" rel=\"nofollow noopener noreferrer\">Diari Oficial de la Generalitat de Catalunya<\/a><\/li>\n<li><a href=\"http:\/\/economia.gencat.cat\/ca\/inici\/\" target=\"_blank\" rel=\"nofollow noopener noreferrer\">Direcci\u00f3 General de Pol\u00edtica Financera, Assegurances i Tresor<\/a><\/li>\n<li><a href=\"https:\/\/dgsfp.mineco.gob.es\/es\/Paginas\/Iniciocarrousel.aspx\" target=\"_blank\" rel=\"nofollow noopener noreferrer\">Direcci\u00f3n General de Seguros y Fondos de Pensiones<\/a><\/li>\n<li><a href=\"http:\/\/www.aemet.es\/es\/portada\" target=\"_blank\" rel=\"nofollow noopener noreferrer\">Agencia Estatal de Meteorolog\u00eda<\/a><\/li>\n<li><a href=\"http:\/\/www.meteo.cat\/wpweb\/serveis\/peticions-de-dades\/peticio-dinformes-meteorologics\/\" target=\"_blank\" rel=\"nofollow noopener noreferrer\">Meteocat (petici\u00f3 d&#8217;informes meteorol\u00f2gics)<\/a><\/li>\n<li><a href=\"http:\/\/interior.gencat.cat\/ca\/tramits\/tramits-temes\/Acces-a-la-informacio-dels-accidents-de-transit-lleus\" target=\"_blank\" rel=\"nofollow noopener noreferrer\">ATENEA<\/a><\/li>\n<\/ul>\n<h2>CORPORACIONES COLEGIALES<\/h2>\n<ul>\n<li><a href=\"https:\/\/www.aemes.net\/\" target=\"_blank\" rel=\"nofollow noopener noreferrer\">Asociaci\u00f3n Empresarial de Mediadores de Seguros<\/a><\/li>\n<li><a href=\"http:\/\/www.bipar.eu\/en\/home\" target=\"_blank\" rel=\"nofollow noopener noreferrer\">Federaci\u00f3 Europea de Mediadors d&#8217;Assegurances<\/a><\/li>\n<li><a href=\"http:\/\/www.cibercecas.com\/default.asp?id_cat=4\" target=\"_blank\" rel=\"nofollow noopener noreferrer\">Centro de Estudios del Consejo General de los Colegios de Mediadores de Seguros<\/a><\/li>\n<li><a href=\"https:\/\/mediadores.info\/\" target=\"_blank\" rel=\"nofollow noopener noreferrer\">Consejo General de los Colegios de Mediadores de Seguros<\/a><\/li>\n<li><a href=\"https:\/\/www.elcol-legi.org\/web\/ca\/\" target=\"_blank\" rel=\"nofollow noopener noreferrer\">Col\u00b7legi de Mediadors d&#8217;Assegurances de Barcelona<\/a><\/li>\n<li><a href=\"http:\/\/www.consell-cmatc.com\/\" target=\"_blank\" rel=\"nofollow noopener noreferrer\">Consell de Col\u00b7legis de Mediadors d&#8217;Assegurances de Catalunya<\/a><\/li>\n<li><a href=\"http:\/\/www.mediadorsdassegurances.cat\/\" target=\"_blank\" rel=\"noopener noreferrer\">Col\u00b7legi de Mediadors d&#8217;Assegurances de Girona<\/a><\/li>\n<li><a href=\"http:\/\/www.mediadorsassegurancestgn.cat\/\" target=\"_blank\" rel=\"noopener noreferrer\">Col\u00b7legi de Mediadors d&#8217;Assegurances de Tarragona<\/a><\/li>\n<li><a href=\"http:\/\/www.copaprose.org\/\" target=\"_blank\" rel=\"nofollow noopener noreferrer\">Confederaci\u00f3n Panamericana de Productores de Seguros<\/a><\/li>\n<\/ul>\n<h2>ORGANISMOS Y ENTIDADES DEL SECTOR ASEGURADOR<\/h2>\n<ul>\n<li><a href=\"http:\/\/agroseguro.es\/\" target=\"_blank\" rel=\"nofollow noopener noreferrer\">AGROSEGURO<\/a><\/li>\n<li><a href=\"http:\/\/www.asasel.com\/\" target=\"_blank\" rel=\"nofollow noopener noreferrer\">Asociaci\u00f3n de Agencias de Suscripci\u00f3n Espa\u00f1olas de Lloyd&#8217;s (ASASEL)<\/a><\/li>\n<li><a href=\"https:\/\/agers.es\/\" target=\"_blank\" rel=\"nofollow noopener noreferrer\">Asociaci\u00f3n Espa\u00f1ola de Gerencia de Riesgos y Seguros (AGERS)<\/a><\/li>\n<li><a href=\"https:\/\/www.apcas.es\/inicio.htm\" target=\"_blank\" rel=\"nofollow noopener noreferrer\">Asociaci\u00f3n Nacional de Peritos de Seguros y Comisarios de Aver\u00edas<\/a><\/li>\n<li><a href=\"https:\/\/www.fundacionmapfre.org\/documentacion\/publico\/i18n\/consulta\/busqueda.cmd\" target=\"_blank\" rel=\"nofollow noopener noreferrer\">Centre de Documentaci\u00f3 Mapfre<\/a><\/li>\n<li><a href=\"http:\/\/www.cepreven.com\/\" target=\"_blank\" rel=\"nofollow noopener noreferrer\">Centro Nacional de Prevenci\u00f3n de Da\u00f1os y P\u00e9rdidas (CEPREVEN)<\/a><\/li>\n<li><a href=\"https:\/\/www.boe.es\/biblioteca_juridica\/index.php?tipo=C\" target=\"_blank\" rel=\"nofollow noopener noreferrer\">Codi del mercat de l&#8217;asseguran\u00e7a (normativa del sector assegurador actualitzada)<\/a><\/li>\n<li><a href=\"http:\/\/actuaris.org\/\" target=\"_blank\" rel=\"nofollow noopener noreferrer\">Col\u00b7legi d&#8217;Actuaris de Catalunya<\/a><\/li>\n<li><a href=\"https:\/\/www.consorseguros.es\/web\/inicio\" target=\"_blank\" rel=\"nofollow noopener noreferrer\">Consorcio de Compensaci\u00f3n de Seguros<\/a><\/li>\n<li><a href=\"https:\/\/www.fundacionmapfre.org\/fundacion\/es_es\/publicaciones\/diccionario-mapfre-seguros\/\" target=\"_blank\" rel=\"nofollow noopener noreferrer\">Diccionario Mapfre de Seguros<\/a><\/li>\n<li><a href=\"https:\/\/www.icea.es\/es-ES\" target=\"_blank\" rel=\"nofollow noopener noreferrer\">Investigaci\u00f3n Cooperativa entre Entitades Aseguradoras y Fondos de Pensiones (ICEA)<\/a><\/li>\n<li><a href=\"https:\/\/www.actuarios.org\/\" target=\"_blank\" rel=\"nofollow noopener noreferrer\">Instituto de Actuarios Espa\u00f1oles<\/a><\/li>\n<li><a href=\"http:\/\/www.dgsfp.mineco.es\/profesionales\/informaciontecnicams.asp\" target=\"_blank\" rel=\"nofollow noopener noreferrer\">CRITERIOS DEL SERVICIO DE MEDIADORES DE SEGUROS<\/a><\/li>\n<li><a href=\"https:\/\/www.ofesauto.es\/\" target=\"_blank\" rel=\"nofollow noopener noreferrer\">Oficina Espa\u00f1ola de Aseguradores de Autom\u00f3viles (OFESAUTO)<\/a><\/li>\n<li><a href=\"http:\/\/www.perm.es\/\" target=\"_blank\" rel=\"nofollow noopener noreferrer\">Pool Espa\u00f1ol de Riesgos Medioambientales<\/a><\/li>\n<li><a href=\"http:\/\/seaida.com\/\" target=\"_blank\" rel=\"nofollow noopener noreferrer\">Asociaci\u00f3n Internacional de Derecho de Seguros (SEAIDA)<\/a><\/li>\n<li><a href=\"http:\/\/www.tirea.es\/\" target=\"_blank\" rel=\"nofollow noopener noreferrer\">Tecnolog\u00edas de la Informaci\u00f3n y Redes para las Entidades Aseguradoras S.A. (TIREA)<\/a><\/li>\n<li><a href=\"http:\/\/www.unespa.es\/\" target=\"_blank\" rel=\"nofollow noopener noreferrer\">Uni\u00f3n Espa\u00f1ola de Entidades Aseguradoras y Reaseguradoras (UNESPA)<\/a><\/li>\n<\/ul>\n<h2>PRENSA<\/h2>\n<ul>\n<li><a href=\"http:\/\/cincodias.com\/\" target=\"_blank\" rel=\"nofollow noopener noreferrer\"> Cinco D\u00edas<\/a><\/li>\n<li><a href=\"http:\/\/segre.com\" target=\"_blank\" rel=\"nofollow noopener noreferrer\">Segre<\/a><\/li>\n<li><a href=\"http:\/\/www.elperiodico.com\/es\/\" target=\"_blank\" rel=\"nofollow noopener noreferrer\">El Peri\u00f3dico<\/a><\/li>\n<li><a href=\"http:\/\/www.lamanyana.cat\/\" target=\"_blank\" rel=\"nofollow noopener noreferrer\">La Manyana<\/a><\/li>\n<li><a href=\"http:\/\/www.mediadorsdassegurances.cat\/enllacos.html?task=weblink.go&amp;id=55\" target=\"_blank\" rel=\"nofollow noopener noreferrer\">Expansi\u00f3n<\/a><\/li>\n<li><a href=\"http:\/\/www.lavanguardia.com\/economia\/index.html\" target=\"_blank\" rel=\"nofollow noopener noreferrer\">La Vanguardia<\/a><\/li>\n<li><a href=\"http:\/\/elpais.com\/\" target=\"_blank\" rel=\"nofollow noopener noreferrer\">El Pais<\/a><\/li>\n<li><a href=\"http:\/\/www.elmundo.es\/economia.html?cid=MENUHOM24801&amp;sk_w=desplegable\" target=\"_blank\" rel=\"nofollow noopener noreferrer\">El Mundo<\/a><\/li>\n<\/ul>\n<h2>Enlaces \u00fatiles para la revisi\u00f3n y redacci\u00f3n de textos<\/h2>\n<ul>\n<li><a href=\"http:\/\/www.cpnl.cat\/\" target=\"_blank\" rel=\"nofollow noopener noreferrer\">http:\/\/www.cpnl.cat\/<\/a><\/li>\n<\/ul>\n<h2>Diccionarios y recopilaciones l\u00e9xicos<\/h2>\n<ul>\n<li><a href=\"http:\/\/www.grec.net\/home\/cel\/dicc.htm\" target=\"_blank\" rel=\"nofollow noopener noreferrer\">http:\/\/www.grec.net\/home\/cel\/dicc.htm<\/a> (diccionaris i reculls l\u00e8xics)<\/li>\n<li><a href=\"http:\/\/www.grec.net\/home\/grec\/multiclic.jsp\" target=\"_blank\" rel=\"nofollow noopener noreferrer\">http:\/\/www.grec.net\/home\/grec\/multiclic.jsp<\/a> (diccionaris i reculls l\u00e8xics)<\/li>\n<li><a href=\"http:\/\/www.grec.net\/cgibin\/mlt00.pgm\" target=\"_blank\" rel=\"nofollow noopener noreferrer\">http:\/\/www.grec.net\/cgibin\/mlt00.pgm<\/a> (diccionari multiling\u00fce)<\/li>\n<li><a href=\"http:\/\/www.termcat.cat\/termgia\/termnorm\/index_a.html\" target=\"_blank\" rel=\"nofollow noopener noreferrer\">http:\/\/www.termcat.cat\/termgia\/termnorm\/index_a.html<\/a> (diccionari termes normalitzats)<\/li>\n<\/ul>\n<h2>Buscadores terminol\u00f3gicos<\/h2>\n<ul>\n<li><a href=\"http:\/\/www.termcat.cat\/\" target=\"_blank\" rel=\"nofollow noopener noreferrer\">http:\/\/www.termcat.cat\/<\/a> (consultes terminol\u00f2giques)<\/li>\n<\/ul>\n<h2>Redacci\u00f3n de textos\/Modelos de documentos<\/h2>\n<ul>\n<li><a href=\"http:\/\/www.uoc.edu\/serveilinguistic\/home\/index.html\" target=\"_blank\" rel=\"nofollow noopener noreferrer\">http:\/\/www.uoc.edu\/serveilinguistic\/home\/index.html <\/a><\/li>\n<li><a href=\"http:\/\/justicia.gencat.cat\/ca\/serveis\/llenguatge_juridic\/de_quines_eines_disposo\/\" target=\"_blank\" rel=\"nofollow noopener noreferrer\">http:\/\/justicia.gencat.cat\/ca\/serveis\/llenguatge_juridic\/de_quines_eines_disposo\/<\/a><\/li>\n<\/ul>\n<h2>Traductores<\/h2>\n<ul>\n<li><a href=\"http:\/\/www.opentrad.org\/demo\/?language=ca\" target=\"_blank\" rel=\"nofollow noopener noreferrer\">http:\/\/www.opentrad.org\/demo\/?language=ca<\/a> (trad.castell\u00e0-catal\u00e0-angl\u00e8s-euskera-gallec)<\/li>\n<li><a href=\"http:\/\/traductor.gencat.cat\/\" target=\"_blank\" rel=\"nofollow noopener noreferrer\">http:\/\/traductor.gencat.cat\/ <\/a><\/li>\n<li><a href=\"https:\/\/translate.google.es\/?hl=ca\" target=\"_blank\" rel=\"nofollow noopener noreferrer\">https:\/\/translate.google.es\/?hl=ca<\/a><\/li>\n<\/ul>\n<p>&nbsp;<\/p>\n<p><span style=\"color: #000000;\"><strong><span style=\"font-size: 18pt;\">SERVICIOS &#8211; DESCUENTOS<\/span><\/strong><\/span><\/p>\n<hr \/>\n<ul>\n<li><a href=\"https:\/\/www.thetrainline.com\/es\/descuentos-ofertas\" target=\"_blank\" rel=\"noopener noreferrer\">Trainline<\/a>\u00a0 (descuentos y ofertas en trenes)<\/li>\n<li><a href=\"https:\/\/www.thetrainline.com\/es\/descuentos-ofertas\/tarjetas-renfe\/renfe-joven\" target=\"_blank\" rel=\"noopener noreferrer\">Tarjeta Joven<\/a><\/li>\n<\/ul>\n<p>[\/vc_column_text][\/vc_column][\/vc_row]<\/p>\n","protected":false},"excerpt":{"rendered":"<p>[vc_row][vc_column][vc_column_text] ADMINISTRACI\u00d3N Ag\u00e8ncia Catalana de Protecci\u00f3 de Dades Agencia de Protecci\u00f3n de Datos Bolet\u00edn Oficial del Estado Comisi\u00f3n de Prevenci\u00f3n de Blanqueo de Capitales e&#8230; <a href=\"https:\/\/www.cmalleida.com\/es\/enlaces\/\" rel=\"nofollow\" class=\"lollegirmes\">Llegeix m\u00e9s<\/a><\/p>\n","protected":false},"author":153,"featured_media":0,"parent":0,"menu_order":0,"comment_status":"closed","ping_status":"closed","template":"temaplate-enlaces.php","meta":{"_acf_changed":false,"_genesis_hide_title":false,"_genesis_hide_breadcrumbs":false,"_genesis_hide_singular_image":false,"_genesis_hide_footer_widgets":false,"_genesis_custom_body_class":"","_genesis_custom_post_class":"","_genesis_layout":"","footnotes":""},"class_list":{"0":"post-1563","1":"page","2":"type-page","3":"status-publish","5":"entry"},"acf":[],"yoast_head":"<!-- This site is optimized with the Yoast SEO plugin v27.2 - https:\/\/yoast.com\/product\/yoast-seo-wordpress\/ -->\n<title>Enlaces - Col\u00b7legi de Mediadors d&#039;Assegurances de Lleida<\/title>\n<meta name=\"robots\" content=\"index, follow, max-snippet:-1, max-image-preview:large, max-video-preview:-1\" \/>\n<link rel=\"canonical\" href=\"https:\/\/www.cmalleida.com\/es\/enlaces\/\" \/>\n<meta property=\"og:locale\" content=\"es_ES\" \/>\n<meta property=\"og:type\" content=\"article\" \/>\n<meta property=\"og:title\" content=\"Enlaces - Col\u00b7legi de Mediadors d&#039;Assegurances de Lleida\" \/>\n<meta property=\"og:description\" content=\"[vc_row][vc_column][vc_column_text] ADMINISTRACI\u00d3N Ag\u00e8ncia Catalana de Protecci\u00f3 de Dades Agencia de Protecci\u00f3n de Datos Bolet\u00edn Oficial del Estado Comisi\u00f3n de Prevenci\u00f3n de Blanqueo de Capitales e... Llegeix m\u00e9s\" \/>\n<meta property=\"og:url\" content=\"https:\/\/www.cmalleida.com\/es\/enlaces\/\" \/>\n<meta property=\"og:site_name\" content=\"Col\u00b7legi de Mediadors d&#039;Assegurances de Lleida\" \/>\n<meta property=\"article:modified_time\" content=\"2025-09-10T12:48:31+00:00\" \/>\n<meta name=\"twitter:card\" content=\"summary_large_image\" \/>\n<meta name=\"twitter:label1\" content=\"Est. reading time\" \/>\n\t<meta name=\"twitter:data1\" content=\"2 minutos\" \/>\n<script type=\"application\/ld+json\" class=\"yoast-schema-graph\">{\"@context\":\"https:\/\/schema.org\",\"@graph\":[{\"@type\":\"WebPage\",\"@id\":\"https:\/\/www.cmalleida.com\/es\/enlaces\/\",\"url\":\"https:\/\/www.cmalleida.com\/es\/enlaces\/\",\"name\":\"Enlaces - Col\u00b7legi de Mediadors d&#039;Assegurances de Lleida\",\"isPartOf\":{\"@id\":\"https:\/\/www.cmalleida.com\/es\/#website\"},\"datePublished\":\"2018-02-04T18:40:08+00:00\",\"dateModified\":\"2025-09-10T12:48:31+00:00\",\"breadcrumb\":{\"@id\":\"https:\/\/www.cmalleida.com\/es\/enlaces\/#breadcrumb\"},\"inLanguage\":\"es\",\"potentialAction\":[{\"@type\":\"ReadAction\",\"target\":[\"https:\/\/www.cmalleida.com\/es\/enlaces\/\"]}]},{\"@type\":\"BreadcrumbList\",\"@id\":\"https:\/\/www.cmalleida.com\/es\/enlaces\/#breadcrumb\",\"itemListElement\":[{\"@type\":\"ListItem\",\"position\":1,\"name\":\"Inici\",\"item\":\"https:\/\/www.cmalleida.com\/es\/\"},{\"@type\":\"ListItem\",\"position\":2,\"name\":\"Enlaces\"}]},{\"@type\":\"WebSite\",\"@id\":\"https:\/\/www.cmalleida.com\/es\/#website\",\"url\":\"https:\/\/www.cmalleida.com\/es\/\",\"name\":\"Col\u00b7legi de Mediadors d&#039;Assegurances de Lleida\",\"description\":\"Otro sitio realizado con WordPress\",\"publisher\":{\"@id\":\"https:\/\/www.cmalleida.com\/es\/#organization\"},\"potentialAction\":[{\"@type\":\"SearchAction\",\"target\":{\"@type\":\"EntryPoint\",\"urlTemplate\":\"https:\/\/www.cmalleida.com\/es\/?s={search_term_string}\"},\"query-input\":{\"@type\":\"PropertyValueSpecification\",\"valueRequired\":true,\"valueName\":\"search_term_string\"}}],\"inLanguage\":\"es\"},{\"@type\":\"Organization\",\"@id\":\"https:\/\/www.cmalleida.com\/es\/#organization\",\"name\":\"Col\u00b7legi de Mediadors d'Assegurances de Lleida\",\"url\":\"https:\/\/www.cmalleida.com\/es\/\",\"logo\":{\"@type\":\"ImageObject\",\"inLanguage\":\"es\",\"@id\":\"https:\/\/www.cmalleida.com\/es\/#\/schema\/logo\/image\/\",\"url\":\"\",\"contentUrl\":\"\",\"caption\":\"Col\u00b7legi de Mediadors d'Assegurances de Lleida\"},\"image\":{\"@id\":\"https:\/\/www.cmalleida.com\/es\/#\/schema\/logo\/image\/\"}}]}<\/script>\n<!-- \/ Yoast SEO plugin. -->","yoast_head_json":{"title":"Enlaces - Col\u00b7legi de Mediadors d&#039;Assegurances de Lleida","robots":{"index":"index","follow":"follow","max-snippet":"max-snippet:-1","max-image-preview":"max-image-preview:large","max-video-preview":"max-video-preview:-1"},"canonical":"https:\/\/www.cmalleida.com\/es\/enlaces\/","og_locale":"es_ES","og_type":"article","og_title":"Enlaces - Col\u00b7legi de Mediadors d&#039;Assegurances de Lleida","og_description":"[vc_row][vc_column][vc_column_text] ADMINISTRACI\u00d3N Ag\u00e8ncia Catalana de Protecci\u00f3 de Dades Agencia de Protecci\u00f3n de Datos Bolet\u00edn Oficial del Estado Comisi\u00f3n de Prevenci\u00f3n de Blanqueo de Capitales e... Llegeix m\u00e9s","og_url":"https:\/\/www.cmalleida.com\/es\/enlaces\/","og_site_name":"Col\u00b7legi de Mediadors d&#039;Assegurances de Lleida","article_modified_time":"2025-09-10T12:48:31+00:00","twitter_card":"summary_large_image","twitter_misc":{"Est. reading time":"2 minutos"},"schema":{"@context":"https:\/\/schema.org","@graph":[{"@type":"WebPage","@id":"https:\/\/www.cmalleida.com\/es\/enlaces\/","url":"https:\/\/www.cmalleida.com\/es\/enlaces\/","name":"Enlaces - Col\u00b7legi de Mediadors d&#039;Assegurances de Lleida","isPartOf":{"@id":"https:\/\/www.cmalleida.com\/es\/#website"},"datePublished":"2018-02-04T18:40:08+00:00","dateModified":"2025-09-10T12:48:31+00:00","breadcrumb":{"@id":"https:\/\/www.cmalleida.com\/es\/enlaces\/#breadcrumb"},"inLanguage":"es","potentialAction":[{"@type":"ReadAction","target":["https:\/\/www.cmalleida.com\/es\/enlaces\/"]}]},{"@type":"BreadcrumbList","@id":"https:\/\/www.cmalleida.com\/es\/enlaces\/#breadcrumb","itemListElement":[{"@type":"ListItem","position":1,"name":"Inici","item":"https:\/\/www.cmalleida.com\/es\/"},{"@type":"ListItem","position":2,"name":"Enlaces"}]},{"@type":"WebSite","@id":"https:\/\/www.cmalleida.com\/es\/#website","url":"https:\/\/www.cmalleida.com\/es\/","name":"Col\u00b7legi de Mediadors d&#039;Assegurances de Lleida","description":"Otro sitio realizado con WordPress","publisher":{"@id":"https:\/\/www.cmalleida.com\/es\/#organization"},"potentialAction":[{"@type":"SearchAction","target":{"@type":"EntryPoint","urlTemplate":"https:\/\/www.cmalleida.com\/es\/?s={search_term_string}"},"query-input":{"@type":"PropertyValueSpecification","valueRequired":true,"valueName":"search_term_string"}}],"inLanguage":"es"},{"@type":"Organization","@id":"https:\/\/www.cmalleida.com\/es\/#organization","name":"Col\u00b7legi de Mediadors d'Assegurances de Lleida","url":"https:\/\/www.cmalleida.com\/es\/","logo":{"@type":"ImageObject","inLanguage":"es","@id":"https:\/\/www.cmalleida.com\/es\/#\/schema\/logo\/image\/","url":"","contentUrl":"","caption":"Col\u00b7legi de Mediadors d'Assegurances de Lleida"},"image":{"@id":"https:\/\/www.cmalleida.com\/es\/#\/schema\/logo\/image\/"}}]}},"_links":{"self":[{"href":"https:\/\/www.cmalleida.com\/es\/wp-json\/wp\/v2\/pages\/1563","targetHints":{"allow":["GET"]}}],"collection":[{"href":"https:\/\/www.cmalleida.com\/es\/wp-json\/wp\/v2\/pages"}],"about":[{"href":"https:\/\/www.cmalleida.com\/es\/wp-json\/wp\/v2\/types\/page"}],"author":[{"embeddable":true,"href":"https:\/\/www.cmalleida.com\/es\/wp-json\/wp\/v2\/users\/153"}],"replies":[{"embeddable":true,"href":"https:\/\/www.cmalleida.com\/es\/wp-json\/wp\/v2\/comments?post=1563"}],"version-history":[{"count":11,"href":"https:\/\/www.cmalleida.com\/es\/wp-json\/wp\/v2\/pages\/1563\/revisions"}],"predecessor-version":[{"id":14725,"href":"https:\/\/www.cmalleida.com\/es\/wp-json\/wp\/v2\/pages\/1563\/revisions\/14725"}],"wp:attachment":[{"href":"https:\/\/www.cmalleida.com\/es\/wp-json\/wp\/v2\/media?parent=1563"}],"curies":[{"name":"wp","href":"https:\/\/api.w.org\/{rel}","templated":true}]}}